{"id":954,"date":"2018-04-30T14:56:44","date_gmt":"2018-04-30T18:56:44","guid":{"rendered":"http:\/\/core-toronto.ca\/?page_id=954"},"modified":"2019-04-01T13:11:07","modified_gmt":"2019-04-01T17:11:07","slug":"toronto-challenge","status":"publish","type":"page","link":"https:\/\/core-toronto.ca\/fr\/faire-un-don\/toronto-challenge\/","title":{"rendered":"\u00ab\u00a0Toronto Challenge\u00a0\u00bb"},"content":{"rendered":"<div class=\"one_third\">\n<img loading=\"lazy\" decoding=\"async\" src=\"http:\/\/core-toronto.ca\/wp-content\/uploads\/Toronto-Challenge-page.jpg\" alt=\"\" width=\"420\" height=\"525\" class=\"aligncenter size-full wp-image-709\" srcset=\"https:\/\/core-toronto.ca\/wp-content\/uploads\/Toronto-Challenge-page.jpg 420w, https:\/\/core-toronto.ca\/wp-content\/uploads\/Toronto-Challenge-page-240x300.jpg 240w\" sizes=\"(max-width: 420px) 100vw, 420px\" \/>\n<\/div>\n<div class=\"two_thirds\">\n<h2><\/h2>\n<p>CORE participe chaque ann\u00e9e au marathon de collecte de fonds du <a href=\"https:\/\/www.toronto.ca\/explore-enjoy\/festivals-events\/more-city-produced-events\/toronto-challenge\/\" target=\"_blank\" rel=\"noopener\">\u00ab Toronto Challenge \u00bb<\/a>. Les participants et le personnel recueillent des promesses de participation \u00e0 une marche de 1 kilom\u00e8tre ou de 5 kilom\u00e8tres qui a lieu le deuxi\u00e8me dimanche de juin de chaque ann\u00e9e. Les commanditaires de l&rsquo;\u00e9v\u00e9nement couvrent tous les co\u00fbts d&rsquo;exploitation du marathon.<\/p>\n<p>Nous collectons actuellement des dons pour le Toronto Challenge 2019. Si vous d\u00e9sirez faire un don ou collecter les promesses de don, veuillez visiter notre page de collecte des dons avec le lien ci-dessous: <\/p>\n<div align=\"center\"><A HREF=\"https:\/\/www.canadahelps.org\/fr\/organismesdebienfaisance\/centre-for-opportunities-respect-empowerment\/p2p\/toronto-challenge-2019\/\" target=\"_blank\"><IMG SRC=\"https:\/\/www.canadahelps.org\/image\/DonateNowLink\/fr\/Donate1.png\" BORDER=\"0\" ALT=\"Faire un don maintenant par CanadaHelps.org!\"\/><\/A><\/div>\n<p><br=\"\"><\/p>\n<p>Vous pouvez \u00e9galement appuyer atteindre notre objectif de $5000 cette ann\u00e9e en partageant ce lien sur vos r\u00e9seaux sociaux : <a href=\"https:\/\/www.canadahelps.org\/fr\/organismesdebienfaisance\/centre-for-opportunities-respect-empowerment\/p2p\/toronto-challenge-2019\/\" target=\"_blank\">www.tinyurl.com\/COREtc19<\/a><\/p>\n<\/div>\n","protected":false},"excerpt":{"rendered":"","protected":false},"author":5,"featured_media":0,"parent":947,"menu_order":0,"comment_status":"open","ping_status":"closed","template":"page-template-full-width.php","meta":{"footnotes":""},"class_list":["post-954","page","type-page","status-publish","hentry"],"_links":{"self":[{"href":"https:\/\/core-toronto.ca\/fr\/wp-json\/wp\/v2\/pages\/954"}],"collection":[{"href":"https:\/\/core-toronto.ca\/fr\/wp-json\/wp\/v2\/pages"}],"about":[{"href":"https:\/\/core-toronto.ca\/fr\/wp-json\/wp\/v2\/types\/page"}],"author":[{"embeddable":true,"href":"https:\/\/core-toronto.ca\/fr\/wp-json\/wp\/v2\/users\/5"}],"replies":[{"embeddable":true,"href":"https:\/\/core-toronto.ca\/fr\/wp-json\/wp\/v2\/comments?post=954"}],"version-history":[{"count":8,"href":"https:\/\/core-toronto.ca\/fr\/wp-json\/wp\/v2\/pages\/954\/revisions"}],"predecessor-version":[{"id":1903,"href":"https:\/\/core-toronto.ca\/fr\/wp-json\/wp\/v2\/pages\/954\/revisions\/1903"}],"up":[{"embeddable":true,"href":"https:\/\/core-toronto.ca\/fr\/wp-json\/wp\/v2\/pages\/947"}],"wp:attachment":[{"href":"https:\/\/core-toronto.ca\/fr\/wp-json\/wp\/v2\/media?parent=954"}],"curies":[{"name":"wp","href":"https:\/\/api.w.org\/{rel}","templated":true}]}}