{"id":947,"date":"2018-04-30T14:48:35","date_gmt":"2018-04-30T18:48:35","guid":{"rendered":"http:\/\/core-toronto.ca\/?page_id=947"},"modified":"2018-05-04T13:20:30","modified_gmt":"2018-05-04T17:20:30","slug":"faire-un-don","status":"publish","type":"page","link":"https:\/\/core-toronto.ca\/fr\/faire-un-don\/","title":{"rendered":"Faire un don"},"content":{"rendered":"<p><img loading=\"lazy\" decoding=\"async\" src=\"http:\/\/core-toronto.ca\/wp-content\/uploads\/Banner-image.png\" alt=\"\" width=\"864\" height=\"260\" class=\"aligncenter size-full wp-image-586\" srcset=\"https:\/\/core-toronto.ca\/wp-content\/uploads\/Banner-image.png 864w, https:\/\/core-toronto.ca\/wp-content\/uploads\/Banner-image-300x90.png 300w\" sizes=\"(max-width: 864px) 100vw, 864px\" \/><\/p>\n<h2><\/h2>\n<p>CORE est un organisme de bienfaisance canadien enregistr\u00e9 \u00e0 but lucratif financ\u00e9 par le minist\u00e8re des Services sociaux et communautaires de l&rsquo;Ontario. Nous comptons \u00e9galement sur les dons communautaires pour enrichir la qualit\u00e9 de nos programmes et soutenir les efforts globaux de l&rsquo;organisation.<\/p>\n<p>Les dons sont enti\u00e8rement d\u00e9ductibles d&rsquo;imp\u00f4t en vertu de <strong>l&rsquo;enregistrement d&rsquo;exemption de charit\u00e9 # 118871177RR0001.<\/strong> Un re\u00e7u officiel sera \u00e9mis pour tout don de 10 $ et plus.<\/p>\n<p>CORE attache une grande importance \u00e0 notre relation avec vous, nos donateurs. Sans votre soutien, nous ne pourrions pas r\u00e9aliser notre mission d&rsquo;aider les adultes ayant une d\u00e9ficience intellectuelle \u00e0 atteindre l&rsquo;autod\u00e9termination, l&rsquo;inclusion sociale et le bien-\u00eatre mental, physique et \u00e9motionnel. Nous vous remercions de votre engagement. <\/p>\n<div class=\"hr hr-dotted\">&nbsp;<\/div>\n<h2>FAIRE UN DON EN LIGNE <\/h2>\n<p>Pour faire un don en ligne, veuillez visiter notre profil sur CanaDon:<br \/>\n<center><A HREF=\"https:\/\/www.canadahelps.org\/CharityProfilePage.aspx?Language=fr&#038;CharityID=d16778\" TARGET=\"_blank\"><IMG SRC=\"https:\/\/www.canadahelps.org\/image\/DonateNowLink\/fr\/Donate1.png\" BORDER=\"0\" ALT=\"Faire un don maintenant par CanadaHelps.org!\"\/><\/A><\/center><\/p>\n<h2>PAR COURRIER<\/h2>\n<p>Pour envoyer un don \u00e0 CORE, veuillez remplir notre <a href=\"http:\/\/core-toronto.ca\/wp-content\/uploads\/CORE_don_francais.pdf\">formulaire de don<\/a> et l&rsquo;envoyer avec un ch\u00e8que \u00e0 l&rsquo;ordre de <strong>CORE:<\/strong> <\/p>\n<p style=\"text-align: center;\">160 Springhurst Avenue, Suite 300, Toronto, Ontario M6K 1C2<\/p>\n<p style=\"text-align: left;\">\n<div class=\"hr hr-dotted\">&nbsp;<\/div>\n<h2>DONNER UN M\u00c9MORIUM OU UN HONORAIRE<\/h2>\n<p>Vous pouvez faire un don \u00e0 CORE en m\u00e9moire d&rsquo;un cher ou en l&rsquo;honneur d&rsquo;une occasion sp\u00e9ciale (mariage, fian\u00e7ailles, anniversaire, etc.) en ligne gr\u00e2ce \u00e0 notre profil <a href=\"https:\/\/www.canadahelps.org\/fr\/dn\/t\/34071\" target=\"_blank\">CanaDon<\/a>. Vous pouvez \u00e9galement t\u00e9l\u00e9charger et remplir notre <a href=\"http:\/\/core-toronto.ca\/wp-content\/uploads\/CORE_honorarium_francais.pdf\">formulaire de don M\u00e9morium et cadeaux d&rsquo;honneur<\/a> et l&rsquo;envoyer par la poste accompagn\u00e9 d&rsquo;un ch\u00e8que libell\u00e9 \u00e0 l&rsquo;ordre de <strong>CORE<\/strong> :<\/p>\n<p style=\"text-align: center;\">160 Springhurst Avenue, Suite 300, Toronto, Ontario M6K 1C2<\/p>\n<p>&nbsp;<\/p>\n","protected":false},"excerpt":{"rendered":"<p>CORE est un organisme de bienfaisance canadien enregistr\u00e9 \u00e0 but lucratif financ\u00e9 par le minist\u00e8re des Services sociaux et communautaires de l&rsquo;Ontario. Nous comptons \u00e9galement sur les dons communautaires pour [&hellip;]<\/p>\n","protected":false},"author":5,"featured_media":0,"parent":0,"menu_order":0,"comment_status":"open","ping_status":"closed","template":"page-template-full-width.php","meta":{"footnotes":""},"class_list":["post-947","page","type-page","status-publish","hentry"],"_links":{"self":[{"href":"https:\/\/core-toronto.ca\/fr\/wp-json\/wp\/v2\/pages\/947"}],"collection":[{"href":"https:\/\/core-toronto.ca\/fr\/wp-json\/wp\/v2\/pages"}],"about":[{"href":"https:\/\/core-toronto.ca\/fr\/wp-json\/wp\/v2\/types\/page"}],"author":[{"embeddable":true,"href":"https:\/\/core-toronto.ca\/fr\/wp-json\/wp\/v2\/users\/5"}],"replies":[{"embeddable":true,"href":"https:\/\/core-toronto.ca\/fr\/wp-json\/wp\/v2\/comments?post=947"}],"version-history":[{"count":10,"href":"https:\/\/core-toronto.ca\/fr\/wp-json\/wp\/v2\/pages\/947\/revisions"}],"predecessor-version":[{"id":1146,"href":"https:\/\/core-toronto.ca\/fr\/wp-json\/wp\/v2\/pages\/947\/revisions\/1146"}],"wp:attachment":[{"href":"https:\/\/core-toronto.ca\/fr\/wp-json\/wp\/v2\/media?parent=947"}],"curies":[{"name":"wp","href":"https:\/\/api.w.org\/{rel}","templated":true}]}}