{"id":923,"date":"2018-04-30T11:43:23","date_gmt":"2018-04-30T15:43:23","guid":{"rendered":"http:\/\/core-toronto.ca\/?page_id=923"},"modified":"2018-05-25T13:18:32","modified_gmt":"2018-05-25T17:18:32","slug":"programmes","status":"publish","type":"page","link":"https:\/\/core-toronto.ca\/fr\/qui-sommes-nous\/programmes\/","title":{"rendered":"Programmes"},"content":{"rendered":"<p>CORE se focalise sur la cr\u00e9ation de relations interpersonnelles, le d\u00e9veloppement de la sociabilit\u00e9, des comp\u00e9tences de la vie de tous les jours, et favorise l\u2019ind\u00e9pendance ainsi que le bien-\u00eatre mental, physique et \u00e9motionnel. Nous encourageons les participants \u00e0 \u00e9tablir et atteindre les objectifs qu\u2019ils se sont fix\u00e9s eux-m\u00eames. Pour parvenir \u00e0 ces fins, nous offrons des activit\u00e9s personnalis\u00e9s en relation avec les objectifs, int\u00e9r\u00eats, besoins et les habilit\u00e9es de ceux et celles qui participent aux programmes.<br \/>\nLes participants d\u00e9terminent leur programmation hebdomadaire avec l\u2019aide du personnel, et participent \u00e0 des activit\u00e9s de groupe vari\u00e9es, des sorties, ainsi que des activit\u00e9s individuelles. Les participants ont l\u2019opportunit\u00e9 d\u2019apprendre et pratiquer des comp\u00e9tences de la vie de tous les jours comme :<\/p>\n<div style=\"width:40%;padding:0 10px 0 0;float:right;\">\n<img loading=\"lazy\" decoding=\"async\" src=\"http:\/\/core-toronto.ca\/wp-content\/uploads\/JC-painting-min-crop.jpg\" alt=\"\" width=\"300\" height=\"300\" class=\"alignleft size-medium wp-image-583\" \/><\/div>\n<ul>\n<li>R\u00e8gles sociales et relations interpersonnelles<\/li>\n<li>Les comportements s\u00e9curitaires dans la communaut\u00e9<\/li>\n<li>Apprendre \u00e0 cuisiner<\/li>\n<li>G\u00e9rer son budget financier<\/li>\n<li>Faire le m\u00e9nage<\/li>\n<li>Faire du sport <\/li>\n<li>Activit\u00e9s de loisirs et r\u00e9cr\u00e9atives<\/li>\n<\/ul>\n<p>Avec plus de 100 adultes, CORE est une communaut\u00e9 sociale sure et accueillante. Les participants prosp\u00e8rent et rencontrent du succ\u00e8s dans un environnement o\u00f9 ils sont encourag\u00e9s \u00e0 faire leurs propres choix. Notre personnel d\u00e9di\u00e9 s\u2019engage \u00e0 aider les participants \u00e0 atteindre le meilleur d\u2019eux-m\u00eames et \u00e0 cr\u00e9er un environnement qui leur est propice \u00e0 essayer de nouvelles choses et b\u00e2tir leur confiance en eux.<\/p>\n","protected":false},"excerpt":{"rendered":"<p>CORE se focalise sur la cr\u00e9ation de relations interpersonnelles, le d\u00e9veloppement de la sociabilit\u00e9, des comp\u00e9tences de la vie de tous les jours, et favorise l\u2019ind\u00e9pendance ainsi que le bien-\u00eatre [&hellip;]<\/p>\n","protected":false},"author":5,"featured_media":0,"parent":921,"menu_order":0,"comment_status":"open","ping_status":"closed","template":"page-template-full-width.php","meta":{"footnotes":""},"class_list":["post-923","page","type-page","status-publish","hentry"],"_links":{"self":[{"href":"https:\/\/core-toronto.ca\/fr\/wp-json\/wp\/v2\/pages\/923"}],"collection":[{"href":"https:\/\/core-toronto.ca\/fr\/wp-json\/wp\/v2\/pages"}],"about":[{"href":"https:\/\/core-toronto.ca\/fr\/wp-json\/wp\/v2\/types\/page"}],"author":[{"embeddable":true,"href":"https:\/\/core-toronto.ca\/fr\/wp-json\/wp\/v2\/users\/5"}],"replies":[{"embeddable":true,"href":"https:\/\/core-toronto.ca\/fr\/wp-json\/wp\/v2\/comments?post=923"}],"version-history":[{"count":4,"href":"https:\/\/core-toronto.ca\/fr\/wp-json\/wp\/v2\/pages\/923\/revisions"}],"predecessor-version":[{"id":1400,"href":"https:\/\/core-toronto.ca\/fr\/wp-json\/wp\/v2\/pages\/923\/revisions\/1400"}],"up":[{"embeddable":true,"href":"https:\/\/core-toronto.ca\/fr\/wp-json\/wp\/v2\/pages\/921"}],"wp:attachment":[{"href":"https:\/\/core-toronto.ca\/fr\/wp-json\/wp\/v2\/media?parent=923"}],"curies":[{"name":"wp","href":"https:\/\/api.w.org\/{rel}","templated":true}]}}