{"id":734,"date":"2018-04-26T09:46:47","date_gmt":"2018-04-26T13:46:47","guid":{"rendered":"http:\/\/core-toronto.ca\/?page_id=734"},"modified":"2018-06-01T12:58:13","modified_gmt":"2018-06-01T16:58:13","slug":"service-en-francais","status":"publish","type":"page","link":"https:\/\/core-toronto.ca\/fr\/appliquer-maintenant\/service-en-francais\/","title":{"rendered":"Services en fran\u00e7ais"},"content":{"rendered":"<div class=\"one_third\">\n<img loading=\"lazy\" decoding=\"async\" class=\"aligncenter size-medium wp-image-566\" src=\"http:\/\/core-toronto.ca\/wp-content\/uploads\/Core-22-min-300x225.png\" alt=\"\" width=\"300\" height=\"225\" srcset=\"https:\/\/core-toronto.ca\/wp-content\/uploads\/Core-22-min-300x225.png 300w, https:\/\/core-toronto.ca\/wp-content\/uploads\/Core-22-min-1024x768.png 1024w\" sizes=\"(max-width: 300px) 100vw, 300px\" \/>\n<\/div>\n<div class=\"two_thirds\">\n<h2>Services en fran\u00e7ais:<\/h2>\n<p>CORE offre des services en fran\u00e7ais pay\u00e9s \u00e0 l\u2019acte, \u00e0 but non-lucratif.<\/p>\n<p>Pour obtenir des renseignements sur les services financ\u00e9 par le minist\u00e8re en fran\u00e7ais offerts aux adultes ayant une d\u00e9ficience intellectuelle \u00e0 Toronto, veuillez communiquer avec :<\/p>\n<p style=\"text-align: left;\">Services de l\u2019Ontario pour les personnes ayant une d\u00e9ficience intellectuelle<br \/>\nSans frais : 1 855 DS-ADULT (1 855 372-3858)<br \/>\nAppel local : 416 925-4930<br \/>\nATS : 416 925-0295<br \/>\nT\u00e9l\u00e9copieur : 416 925-3402<br \/>\nCourriel : <a href=\"mailto:dsotr@surreyplace.on.ca\">dsotr@surreyplace.on.ca<\/a><br \/>\nSite Web : <a href=\"http:\/\/www.dsotoronto.ca\" target=\"_blank\" rel=\"noopener\">www.dsotoronto.ca<\/a><br \/>\nAdresse postale : 2 Surrey Place, Toronto, ( Ontario ) M5S 2C2<\/p>\n<\/div>\n","protected":false},"excerpt":{"rendered":"","protected":false},"author":5,"featured_media":0,"parent":383,"menu_order":0,"comment_status":"open","ping_status":"closed","template":"","meta":{"footnotes":""},"class_list":["post-734","page","type-page","status-publish","hentry"],"_links":{"self":[{"href":"https:\/\/core-toronto.ca\/fr\/wp-json\/wp\/v2\/pages\/734"}],"collection":[{"href":"https:\/\/core-toronto.ca\/fr\/wp-json\/wp\/v2\/pages"}],"about":[{"href":"https:\/\/core-toronto.ca\/fr\/wp-json\/wp\/v2\/types\/page"}],"author":[{"embeddable":true,"href":"https:\/\/core-toronto.ca\/fr\/wp-json\/wp\/v2\/users\/5"}],"replies":[{"embeddable":true,"href":"https:\/\/core-toronto.ca\/fr\/wp-json\/wp\/v2\/comments?post=734"}],"version-history":[{"count":5,"href":"https:\/\/core-toronto.ca\/fr\/wp-json\/wp\/v2\/pages\/734\/revisions"}],"predecessor-version":[{"id":1515,"href":"https:\/\/core-toronto.ca\/fr\/wp-json\/wp\/v2\/pages\/734\/revisions\/1515"}],"up":[{"embeddable":true,"href":"https:\/\/core-toronto.ca\/fr\/wp-json\/wp\/v2\/pages\/383"}],"wp:attachment":[{"href":"https:\/\/core-toronto.ca\/fr\/wp-json\/wp\/v2\/media?parent=734"}],"curies":[{"name":"wp","href":"https:\/\/api.w.org\/{rel}","templated":true}]}}