{"id":963,"date":"2018-05-01T08:59:02","date_gmt":"2018-05-01T12:59:02","guid":{"rendered":"http:\/\/core-toronto.ca\/?page_id=963"},"modified":"2018-05-17T08:39:35","modified_gmt":"2018-05-17T12:39:35","slug":"contactez-nous","status":"publish","type":"page","link":"http:\/\/core-toronto.ca\/fr\/contactez-nous\/","title":{"rendered":"Contactez-nous"},"content":{"rendered":"<div class=\"one_half\">\n<p>160 Springhurst Avenue, Suite 300<br \/>\nToronto, Ontario<br \/>\nM6K 1C2<\/p>\n<p>T\u00e9l\u00e9phone: 416-340-7929<br \/>\nT\u00e9l\u00e9copieur: 416-340-8022<br \/>\nCourriel: <a href=\"mailto:information@core-toronto.ca\">information@core-toronto.ca<\/a><\/p>\n<p>CORE est accessible par la TTC via le tramway 504 rue King. Nous sommes situ\u00e9s entre l&rsquo;arr\u00eat Jameson Avenue et l&rsquo;arr\u00eat Dowling Avenue.<\/p>\n<p>Pour r\u00e9server une visite de CORE, s\u2019il vous plait, veuillez nous contacter par t\u00e9l\u00e9phone 416-340-7929 ou courriel:<br \/>\n<a href=\"mailto:intake@core-toronto.ca\">intake@core-toronto.ca<\/a><\/p>\n<\/div>\n<div class=\"one_half\">\n<iframe loading=\"lazy\" style=\"border: 0;\" src=\"https:\/\/www.google.com\/maps\/embed?pb=!1m18!1m12!1m3!1d5775.109513868826!2d-79.44152846750018!3d43.63662516152111!2m3!1f0!2f0!3f0!3m2!1i1024!2i768!4f13.1!3m3!1m2!1s0x882b35b022566665%3A0xdd8d3d263c73c581!2s160+Springhurst+Ave%2C+Toronto%2C+ON+M6K+1H9!5e0!3m2!1sen!2sca!4v1470255331424\" width=\"100%\" height=\"350\" frameborder=\"0\" allowfullscreen=\"allowfullscreen\"><\/iframe>\n<\/div>\n<p>&nbsp;<\/p>\n","protected":false},"excerpt":{"rendered":"<p>&nbsp;<\/p>\n","protected":false},"author":5,"featured_media":0,"parent":0,"menu_order":0,"comment_status":"open","ping_status":"closed","template":"","meta":{"footnotes":""},"class_list":["post-963","page","type-page","status-publish","hentry"],"_links":{"self":[{"href":"http:\/\/core-toronto.ca\/fr\/wp-json\/wp\/v2\/pages\/963"}],"collection":[{"href":"http:\/\/core-toronto.ca\/fr\/wp-json\/wp\/v2\/pages"}],"about":[{"href":"http:\/\/core-toronto.ca\/fr\/wp-json\/wp\/v2\/types\/page"}],"author":[{"embeddable":true,"href":"http:\/\/core-toronto.ca\/fr\/wp-json\/wp\/v2\/users\/5"}],"replies":[{"embeddable":true,"href":"http:\/\/core-toronto.ca\/fr\/wp-json\/wp\/v2\/comments?post=963"}],"version-history":[{"count":2,"href":"http:\/\/core-toronto.ca\/fr\/wp-json\/wp\/v2\/pages\/963\/revisions"}],"predecessor-version":[{"id":1236,"href":"http:\/\/core-toronto.ca\/fr\/wp-json\/wp\/v2\/pages\/963\/revisions\/1236"}],"wp:attachment":[{"href":"http:\/\/core-toronto.ca\/fr\/wp-json\/wp\/v2\/media?parent=963"}],"curies":[{"name":"wp","href":"https:\/\/api.w.org\/{rel}","templated":true}]}}