{"id":941,"date":"2018-04-30T14:15:23","date_gmt":"2018-04-30T18:15:23","guid":{"rendered":"http:\/\/core-toronto.ca\/?page_id=941"},"modified":"2020-06-02T14:40:27","modified_gmt":"2020-06-02T18:40:27","slug":"conseil-dadministration","status":"publish","type":"page","link":"http:\/\/core-toronto.ca\/fr\/qui-sommes-nous\/conseil-dadministration\/","title":{"rendered":"Conseil d&rsquo;administration"},"content":{"rendered":"<div class=\"member-wrap clearfix\">\n<div class=\"member-contact\">\n<p class=\"member-name\">Flora Do<\/p>\n<p class=\"member-title\">Pr\u00e9sidente<\/p>\n<ul class=\"member-list\"><\/ul>\n<\/div>\n<div class=\"member-bio\"> Flora est une Vice-Pr\u00e9sidente chez RBC Wealth Management. Elle a plusieurs ann\u00e9es d\u2019exp\u00e9rience dans la gouvernance d\u2019institutions \u00e0 but non lucratifs et d\u2019entreprise, et si\u00e8ge au conseil d\u2019administration de CORE depuis 2009. Flora est aussi un membre de la famille d\u2019un des participants de CORE.<\/div>\n<div class=\"member-photo img-frame member-frame\"><img decoding=\"async\" src=\"http:\/\/core-toronto.ca\/wp-content\/uploads\/Flora-Do-headshot-LinkedIn.jpg\" \/><\/div>\n<\/div>\n<div class=\"member-wrap clearfix\">\n<div class=\"member-contact\">\n<p class=\"member-name\">Matthew McTavish<\/p>\n<p class=\"member-title\">Secr\u00e9taire<\/p>\n<ul class=\"member-list\"><\/ul>\n<\/div>\n<div class=\"member-bio\"> Matthew est un Vice-Pr\u00e9sident chez Cushman &#038; Wakefield. En 2010, Matthew a aid\u00e9 l\u2019\u00e9quipe dirigeante en tant que consultant pour d\u2019identifier l\u2019emplacement actuel de CORE, qui a remplac\u00e9 l\u2019ancien site qui a depuis \u00e9t\u00e9 red\u00e9velopp\u00e9 en une r\u00e9sidence de copropri\u00e9t\u00e9.  Matthew si\u00e8ge au conseil depuis 2013. <\/div>\n<div class=\"member-photo img-frame member-frame\"><img decoding=\"async\" src=\"http:\/\/core-toronto.ca\/wp-content\/uploads\/McTavish5956-min.jpg\" \/><\/div>\n<\/div>\n<div class=\"member-wrap clearfix\">\n<div class=\"member-contact\">\n<p class=\"member-name\">Nick Detmer<\/p>\n<p class=\"member-title\">Tr\u00e9sorier<\/p>\n<ul class=\"member-list\"><\/ul>\n<\/div>\n<div class=\"member-bio\"> Nick a plus d\u2019une dizaine d\u2019ann\u00e9es d\u2019exp\u00e9rience dans la vente de technologie et en conseil aux entreprises. Il si\u00e8ge au conseil de CORE depuis 2015. <\/div>\n<div class=\"member-photo img-frame member-frame\"><img decoding=\"async\" src=\"http:\/\/core-toronto.ca\/wp-content\/uploads\/nick-detmer-min.jpg\" \/><\/div>\n<\/div>\n<div class=\"member-wrap clearfix\">\n<div class=\"member-contact\">\n<p class=\"member-name\">Chai Reynaud<\/p>\n<p class=\"member-title\">\n<ul class=\"member-list\"><\/ul>\n<\/div>\n<div class=\"member-bio\"> Chai a plus de 15 ans d&rsquo;exp\u00e9rience dans le conseil et l&rsquo;industrie. Elle dirige les programmes complexes et globaux de transformation de l&rsquo;entreprise. Elle a fait du b\u00e9n\u00e9volat chez CORE et elle est membre du Conseil d&rsquo;administration depuis 2016.<\/div>\n<div class=\"member-photo img-frame member-frame\"><img decoding=\"async\" src=\"\" \/><\/div>\n<\/div>\n<div class=\"member-wrap clearfix\">\n<div class=\"member-contact\">\n<p class=\"member-name\">Brian Jantzi<\/p>\n<p class=\"member-title\">\n<ul class=\"member-list\"><\/ul>\n<\/div>\n<div class=\"member-bio\"> Brian est un responsable en communication pour l\u2019industrie financi\u00e8re en transformation chez Deloitte.  Brian a rejoint le conseil d\u2019administration de CORE en 2017, et y apporte sa large exp\u00e9rience en communication d\u2019entreprise et son enthousiasme pour les charit\u00e9s sociales et culturelles. Pr\u00e9alablement, Brian a si\u00e9g\u00e9 au conseil d\u2019administration, a fait du b\u00e9n\u00e9volat et a \u00e9t\u00e9 un donateur pour un centre de ressources \u00e9ducatives et un th\u00e9\u00e2tre communautaire. <\/div>\n<div class=\"member-photo img-frame member-frame\"><img decoding=\"async\" src=\"http:\/\/core-toronto.ca\/wp-content\/uploads\/Brians-Head-min.png\" \/><\/div>\n<\/div>\n<div class=\"member-wrap clearfix\">\n<div class=\"member-contact\">\n<p class=\"member-name\">Monmi Goswami<\/p>\n<p class=\"member-title\">\n<ul class=\"member-list\"><\/ul>\n<\/div>\n<div class=\"member-bio\">Monmi est avocat chez le minist\u00e8re du procureur g\u00e9n\u00e9ral. Avant cette poste, elle a travaill\u00e9 dans la litige avec la commission ontarienne des droits de la personne. Monmi si\u00e8ge au conseil de CORE depuis 2019.<\/div>\n<div class=\"member-photo img-frame member-frame\"><img decoding=\"async\" src=\"http:\/\/core-toronto.ca\/wp-content\/uploads\/IMG_20190309_175245-min.jpg\" \/><\/div>\n<\/div>\n<div class=\"member-wrap clearfix\">\n<div class=\"member-contact\">\n<p class=\"member-name\">Lindsay Kantor<\/p>\n<p class=\"member-title\">\n<ul class=\"member-list\"><\/ul>\n<\/div>\n<div class=\"member-bio\">Lindsay est une avocat litige et partenaire chez Torkin Manes LLP.  Son travail se concentre prinicipalement sur les sujets de la sant\u00e9, de l&rsquo;administration, et du diffamation. Elle si\u00e8ge au conseil depuis 2019.<\/div>\n<div class=\"member-photo img-frame member-frame\"><img decoding=\"async\" src=\"http:\/\/core-toronto.ca\/wp-content\/uploads\/Lindsay-Kantor-400-286_v1_current-June-2018-min.jpg\" \/><\/div>\n<\/div>\n","protected":false},"excerpt":{"rendered":"","protected":false},"author":5,"featured_media":0,"parent":921,"menu_order":0,"comment_status":"open","ping_status":"closed","template":"page-template-full-width.php","meta":{"footnotes":""},"class_list":["post-941","page","type-page","status-publish","hentry"],"_links":{"self":[{"href":"http:\/\/core-toronto.ca\/fr\/wp-json\/wp\/v2\/pages\/941"}],"collection":[{"href":"http:\/\/core-toronto.ca\/fr\/wp-json\/wp\/v2\/pages"}],"about":[{"href":"http:\/\/core-toronto.ca\/fr\/wp-json\/wp\/v2\/types\/page"}],"author":[{"embeddable":true,"href":"http:\/\/core-toronto.ca\/fr\/wp-json\/wp\/v2\/users\/5"}],"replies":[{"embeddable":true,"href":"http:\/\/core-toronto.ca\/fr\/wp-json\/wp\/v2\/comments?post=941"}],"version-history":[{"count":12,"href":"http:\/\/core-toronto.ca\/fr\/wp-json\/wp\/v2\/pages\/941\/revisions"}],"predecessor-version":[{"id":2315,"href":"http:\/\/core-toronto.ca\/fr\/wp-json\/wp\/v2\/pages\/941\/revisions\/2315"}],"up":[{"embeddable":true,"href":"http:\/\/core-toronto.ca\/fr\/wp-json\/wp\/v2\/pages\/921"}],"wp:attachment":[{"href":"http:\/\/core-toronto.ca\/fr\/wp-json\/wp\/v2\/media?parent=941"}],"curies":[{"name":"wp","href":"https:\/\/api.w.org\/{rel}","templated":true}]}}