{"id":937,"date":"2018-04-30T14:08:47","date_gmt":"2018-04-30T18:08:47","guid":{"rendered":"http:\/\/core-toronto.ca\/?page_id=937"},"modified":"2019-05-09T08:23:19","modified_gmt":"2019-05-09T12:23:19","slug":"lequipe-du-personnel","status":"publish","type":"page","link":"http:\/\/core-toronto.ca\/fr\/qui-sommes-nous\/lequipe-du-personnel\/","title":{"rendered":"L\u2019equipe du personnel"},"content":{"rendered":"<p><img loading=\"lazy\" decoding=\"async\" src=\"http:\/\/core-toronto.ca\/wp-content\/uploads\/001-min-1024x435.jpg\" alt=\"001-min\" width=\"904\" height=\"384\" class=\"aligncenter size-large wp-image-1929\" srcset=\"http:\/\/core-toronto.ca\/wp-content\/uploads\/001-min-1024x435.jpg 1024w, http:\/\/core-toronto.ca\/wp-content\/uploads\/001-min-300x128.jpg 300w\" sizes=\"(max-width: 904px) 100vw, 904px\" \/><\/p>\n<h2><\/h2>\n<p>L\u2019\u00e9quipe du personnel de CORE est un groupe d\u2019individus d\u00e9dies et multidisciplinaires, chacun(e)s apportant des comp\u00e9tences et des exp\u00e9riences uniques. Nous veillons \u00e0 promouvoir un service s\u00fbr et consistant pour nos participants gr\u00e2ce \u00e0 la formation continue de notre personnel \u00e0 temps plein et de l\u2019\u00e9quipe dirigeante qui travaillent directement avec les participants. CORE est un environnement holistique non-clinique.<\/p>\n<h2>DECLARATION DE VALEUR DU PERSONNEL<\/h2>\n<p>Nous, le personnel de CORE, sommes une \u00e9quipe unique qui s\u2019investie \u00e0 aider CORE et la d\u00e9livrance de ses services aux adultes vuln\u00e9rables gr\u00e2ce \u00e0 notre d\u00e9veloppement personnel de l\u2019\u00e9quipe et notre r\u00e9sponsabilisation \u00e0 tous les niveaux de l\u2019organisation. <\/p>\n<p>Nous croyons que la bienveillance inconditionnelle est notre valeur principale dans l\u2019approche de notre service et son d\u00e9veloppement.<\/p>\n<p>Nous travaillons consciemment pour maintenir un haut niveau d\u2019int\u00e9grit\u00e9 et d\u2019honn\u00eatet\u00e9 qui nous aide \u00e0 c\u00e9l\u00e9brer notre culture de transparence.<\/p>\n<p>Nous sommes une \u00e9quipe passionn\u00e9e qui travaille dur, engag\u00e9e dans tout ce que nous faisons. <\/p>\n","protected":false},"excerpt":{"rendered":"<p>L\u2019\u00e9quipe du personnel de CORE est un groupe d\u2019individus d\u00e9dies et multidisciplinaires, chacun(e)s apportant des comp\u00e9tences et des exp\u00e9riences uniques. Nous veillons \u00e0 promouvoir un service s\u00fbr et consistant pour [&hellip;]<\/p>\n","protected":false},"author":5,"featured_media":0,"parent":921,"menu_order":0,"comment_status":"open","ping_status":"closed","template":"","meta":{"footnotes":""},"class_list":["post-937","page","type-page","status-publish","hentry"],"_links":{"self":[{"href":"http:\/\/core-toronto.ca\/fr\/wp-json\/wp\/v2\/pages\/937"}],"collection":[{"href":"http:\/\/core-toronto.ca\/fr\/wp-json\/wp\/v2\/pages"}],"about":[{"href":"http:\/\/core-toronto.ca\/fr\/wp-json\/wp\/v2\/types\/page"}],"author":[{"embeddable":true,"href":"http:\/\/core-toronto.ca\/fr\/wp-json\/wp\/v2\/users\/5"}],"replies":[{"embeddable":true,"href":"http:\/\/core-toronto.ca\/fr\/wp-json\/wp\/v2\/comments?post=937"}],"version-history":[{"count":6,"href":"http:\/\/core-toronto.ca\/fr\/wp-json\/wp\/v2\/pages\/937\/revisions"}],"predecessor-version":[{"id":1931,"href":"http:\/\/core-toronto.ca\/fr\/wp-json\/wp\/v2\/pages\/937\/revisions\/1931"}],"up":[{"embeddable":true,"href":"http:\/\/core-toronto.ca\/fr\/wp-json\/wp\/v2\/pages\/921"}],"wp:attachment":[{"href":"http:\/\/core-toronto.ca\/fr\/wp-json\/wp\/v2\/media?parent=937"}],"curies":[{"name":"wp","href":"https:\/\/api.w.org\/{rel}","templated":true}]}}