{"id":933,"date":"2018-04-30T13:53:29","date_gmt":"2018-04-30T17:53:29","guid":{"rendered":"http:\/\/core-toronto.ca\/?page_id=933"},"modified":"2018-05-30T09:31:36","modified_gmt":"2018-05-30T13:31:36","slug":"le-centre","status":"publish","type":"page","link":"http:\/\/core-toronto.ca\/fr\/qui-sommes-nous\/le-centre\/","title":{"rendered":"Le centre"},"content":{"rendered":"<p>CORE est situ\u00e9 dans le quartier de Parkdale au centre-ville de Toronto, accessible par la TTC le long du la ligne de tramway de la rue King. Ce quartier plein de vie apporte d\u2019innombrables opportunit\u00e9s pour des sorties int\u00e9ressantes comme des marches le long du bord du lac, ou les visites de biblioth\u00e8ques et parcs publics.<\/p>\n<p>Le centre est invitant, lumineux et spacieux et permet de proposer beaucoup d\u2019activit\u00e9s sur son site. CORE est un \u00e9difice accessible et \u00e9quip\u00e9 des installations suivantes:<\/p>\n<div style=\"width:40%;padding:0 10px 0 0;float:right\">\n<br class=\"\"><br \/>\n<img loading=\"lazy\" decoding=\"async\" alt=\"\" src=\"http:\/\/core-toronto.ca\/wp-content\/uploads\/LS-Homeroom-min-300x169.jpg\" width=\"300\" height=\"169\" class=\"alignleft size-medium wp-image-455\" srcset=\"http:\/\/core-toronto.ca\/wp-content\/uploads\/LS-Homeroom-min-300x169.jpg 300w, http:\/\/core-toronto.ca\/wp-content\/uploads\/LS-Homeroom-min-1024x576.jpg 1024w\" sizes=\"(max-width: 300px) 100vw, 300px\" \/><\/div>\n<ul>\n<li>Salle informatique<\/li>\n<li>Salle de musique<\/li>\n<li>Un gymnase<\/li>\n<li>Un espace de travail et d\u2019activit\u00e9s personnelles<\/li>\n<li>Espaces r\u00e9cr\u00e9atifs<\/li>\n<li>Salle \u00e0 manger<\/li>\n<li>Cuisine pratique<\/li>\n<li>Cuisine industrielle<\/li>\n<\/ul>\n<p>Pour r\u00e9server une visite de CORE, s\u2019il vous plait, veuillez nous contacter par t\u00e9l\u00e9phone 416-340-7929 ou par courriel: <a href=\"mailto:intake@core-toronto.ca\">intake@core-toronto.ca<\/a><\/p>\n","protected":false},"excerpt":{"rendered":"<p>CORE est situ\u00e9 dans le quartier de Parkdale au centre-ville de Toronto, accessible par la TTC le long du la ligne de tramway de la rue King. Ce quartier plein [&hellip;]<\/p>\n","protected":false},"author":5,"featured_media":0,"parent":921,"menu_order":0,"comment_status":"open","ping_status":"closed","template":"page-template-filterable-gallery.php","meta":{"footnotes":""},"class_list":["post-933","page","type-page","status-publish","hentry"],"_links":{"self":[{"href":"http:\/\/core-toronto.ca\/fr\/wp-json\/wp\/v2\/pages\/933"}],"collection":[{"href":"http:\/\/core-toronto.ca\/fr\/wp-json\/wp\/v2\/pages"}],"about":[{"href":"http:\/\/core-toronto.ca\/fr\/wp-json\/wp\/v2\/types\/page"}],"author":[{"embeddable":true,"href":"http:\/\/core-toronto.ca\/fr\/wp-json\/wp\/v2\/users\/5"}],"replies":[{"embeddable":true,"href":"http:\/\/core-toronto.ca\/fr\/wp-json\/wp\/v2\/comments?post=933"}],"version-history":[{"count":3,"href":"http:\/\/core-toronto.ca\/fr\/wp-json\/wp\/v2\/pages\/933\/revisions"}],"predecessor-version":[{"id":1492,"href":"http:\/\/core-toronto.ca\/fr\/wp-json\/wp\/v2\/pages\/933\/revisions\/1492"}],"up":[{"embeddable":true,"href":"http:\/\/core-toronto.ca\/fr\/wp-json\/wp\/v2\/pages\/921"}],"wp:attachment":[{"href":"http:\/\/core-toronto.ca\/fr\/wp-json\/wp\/v2\/media?parent=933"}],"curies":[{"name":"wp","href":"https:\/\/api.w.org\/{rel}","templated":true}]}}