{"id":921,"date":"2018-04-30T09:27:00","date_gmt":"2018-04-30T13:27:00","guid":{"rendered":"http:\/\/core-toronto.ca\/?page_id=921"},"modified":"2018-05-04T13:36:14","modified_gmt":"2018-05-04T17:36:14","slug":"qui-sommes-nous","status":"publish","type":"page","link":"http:\/\/core-toronto.ca\/fr\/qui-sommes-nous\/","title":{"rendered":"Qui sommes-nous ?"},"content":{"rendered":"<div class=\"two_thirds\">\n<p>CORE a \u00e9t\u00e9 fond\u00e9 en 1914. Bien que notre centre ait eu diff\u00e9rents noms et servi des populations vari\u00e9es au cours des d\u00e9cennies, CORE continue d\u2019\u00e9voluer afin d\u2019atteindre les besoins changeants de ceux qui n\u00e9cessitent le soutien de la communaut\u00e9 des services de d\u00e9veloppement de Toronto.<\/p>\n<h2>VISION<\/h2>\n<p>Continuer d\u2019apporter un excellent soutien journalier aux adultes ayant des d\u00e9ficiences intellectuelles ou un double diagnostic.<\/p>\n<h2>MISSION<\/h2>\n<p>La mission de CORE est d\u2019engager des individus ayant une d\u00e9ficience intellectuelle dans des activit\u00e9s d\u2019apprentissage qui encouragent l\u2019inclusion sociale et la d\u00e9termination personnelle. A travers cela, CORE soutient le d\u00e9veloppement de nouvelles aptitudes et favorise le bien-\u00eatre mental, physique et \u00e9motionnel.\n<\/p><\/div>\n<div class=\"one_third\">\n<p><img loading=\"lazy\" decoding=\"async\" src=\"http:\/\/core-toronto.ca\/wp-content\/uploads\/Core-1-min-1-819x1024.png\" alt=\"\" width=\"819\" height=\"1024\" class=\"aligncenter size-large wp-image-725\" srcset=\"http:\/\/core-toronto.ca\/wp-content\/uploads\/Core-1-min-1-819x1024.png 819w, http:\/\/core-toronto.ca\/wp-content\/uploads\/Core-1-min-1-240x300.png 240w\" sizes=\"(max-width: 819px) 100vw, 819px\" \/><\/p>\n<\/div>\n","protected":false},"excerpt":{"rendered":"","protected":false},"author":5,"featured_media":0,"parent":0,"menu_order":0,"comment_status":"open","ping_status":"closed","template":"page-template-full-width.php","meta":{"footnotes":""},"class_list":["post-921","page","type-page","status-publish","hentry"],"_links":{"self":[{"href":"http:\/\/core-toronto.ca\/fr\/wp-json\/wp\/v2\/pages\/921"}],"collection":[{"href":"http:\/\/core-toronto.ca\/fr\/wp-json\/wp\/v2\/pages"}],"about":[{"href":"http:\/\/core-toronto.ca\/fr\/wp-json\/wp\/v2\/types\/page"}],"author":[{"embeddable":true,"href":"http:\/\/core-toronto.ca\/fr\/wp-json\/wp\/v2\/users\/5"}],"replies":[{"embeddable":true,"href":"http:\/\/core-toronto.ca\/fr\/wp-json\/wp\/v2\/comments?post=921"}],"version-history":[{"count":2,"href":"http:\/\/core-toronto.ca\/fr\/wp-json\/wp\/v2\/pages\/921\/revisions"}],"predecessor-version":[{"id":1151,"href":"http:\/\/core-toronto.ca\/fr\/wp-json\/wp\/v2\/pages\/921\/revisions\/1151"}],"wp:attachment":[{"href":"http:\/\/core-toronto.ca\/fr\/wp-json\/wp\/v2\/media?parent=921"}],"curies":[{"name":"wp","href":"https:\/\/api.w.org\/{rel}","templated":true}]}}