{"id":383,"date":"2018-03-22T13:45:25","date_gmt":"2018-03-22T17:45:25","guid":{"rendered":"http:\/\/core-toronto.ca\/?page_id=383"},"modified":"2018-04-30T14:23:46","modified_gmt":"2018-04-30T18:23:46","slug":"appliquer-maintenant","status":"publish","type":"page","link":"http:\/\/core-toronto.ca\/fr\/appliquer-maintenant\/","title":{"rendered":"Inscription"},"content":{"rendered":"<div class=\"two_thirds\">\n<h2>ADMISSIBILITE<\/h2>\n<p>CORE soutient les adultes (18 ans et plus) qui ont une d\u00e9ficience intellectuelle ou un diagnostic double. Nous servons un large \u00e9ventail de participants, tous avec des objectifs, des comp\u00e9tences, des forces, des int\u00e9r\u00eats, des besoins et des capacit\u00e9s uniques.<\/p>\n<h2>S\u2019INSCRIRE <\/h2>\n<p><u>Soutiens subventionn\u00e9s<\/u><\/p>\n<p>Les demandes de soutien financier \u00e0 CORE sont trait\u00e9es par <a href=\"http:\/\/www.dsotoronto.ca\/fr\/services-dacces\/\" target=\"_blank\" rel=\"noopener\"> SOPDI \u2013 Services de l\u2019Ontario<\/a> pour les personnes ayant une d\u00e9ficience intellectuelle. <\/p>\n<p><u>Soutien \u00e0 l&rsquo;acte<\/u><\/p>\n<p>CORE offre des possibilit\u00e9s de services payants \u00e0 l&rsquo;acte \u00e0 but non-lucratif pour les participants, comprenant ceux qui re\u00e7oivent le financement <a href=\"https:\/\/www.mcss.gov.on.ca\/fr\/mcss\/programs\/developmental\/serviceSupport\/passport.aspx\" target=\"_blank\" rel=\"noopener\">\u00ab Passeport \u00bb<\/a> et ceux qui paient en priv\u00e9. Des ratios flexibles et des horaires bas\u00e9s sur les besoins de soutien sont disponibles.<\/p>\n<p>Contactez-nous pour en savoir plus sur les possibilit\u00e9s de services payant \u00e0 l&rsquo;acte \u00e0 but non-lucratif:<br \/>\n416-340-7929 \/ <a href=\"mailto:intake@core-toronto.ca\">intake@core-toronto.ca<\/a><\/p>\n<p>&nbsp; <\/p><\/div>\n<div class=\"one_third\">\n<img loading=\"lazy\" decoding=\"async\" src=\"http:\/\/core-toronto.ca\/wp-content\/uploads\/Core-56-768x1024.png\" alt=\"\" width=\"768\" height=\"1024\" class=\"aligncenter size-large wp-image-582\" srcset=\"http:\/\/core-toronto.ca\/wp-content\/uploads\/Core-56-768x1024.png 768w, http:\/\/core-toronto.ca\/wp-content\/uploads\/Core-56-225x300.png 225w\" sizes=\"(max-width: 768px) 100vw, 768px\" \/><\/p>\n<\/div>\n","protected":false},"excerpt":{"rendered":"","protected":false},"author":1,"featured_media":0,"parent":0,"menu_order":0,"comment_status":"open","ping_status":"closed","template":"page-template-full-width.php","meta":{"footnotes":""},"class_list":["post-383","page","type-page","status-publish","hentry"],"_links":{"self":[{"href":"http:\/\/core-toronto.ca\/fr\/wp-json\/wp\/v2\/pages\/383"}],"collection":[{"href":"http:\/\/core-toronto.ca\/fr\/wp-json\/wp\/v2\/pages"}],"about":[{"href":"http:\/\/core-toronto.ca\/fr\/wp-json\/wp\/v2\/types\/page"}],"author":[{"embeddable":true,"href":"http:\/\/core-toronto.ca\/fr\/wp-json\/wp\/v2\/users\/1"}],"replies":[{"embeddable":true,"href":"http:\/\/core-toronto.ca\/fr\/wp-json\/wp\/v2\/comments?post=383"}],"version-history":[{"count":4,"href":"http:\/\/core-toronto.ca\/fr\/wp-json\/wp\/v2\/pages\/383\/revisions"}],"predecessor-version":[{"id":944,"href":"http:\/\/core-toronto.ca\/fr\/wp-json\/wp\/v2\/pages\/383\/revisions\/944"}],"wp:attachment":[{"href":"http:\/\/core-toronto.ca\/fr\/wp-json\/wp\/v2\/media?parent=383"}],"curies":[{"name":"wp","href":"https:\/\/api.w.org\/{rel}","templated":true}]}}