{"id":1025,"date":"2018-05-02T09:47:15","date_gmt":"2018-05-02T13:47:15","guid":{"rendered":"http:\/\/core-toronto.ca\/?page_id=1025"},"modified":"2018-05-29T14:51:45","modified_gmt":"2018-05-29T18:51:45","slug":"page-daccueil","status":"publish","type":"page","link":"http:\/\/core-toronto.ca\/fr\/","title":{"rendered":"Page d\u2019accueil"},"content":{"rendered":"<h2>\n<p align=\"center\">Centre for Opportunities, Respect, and Empowerment<\/p>\n<\/h2>\n<div class=\"hr hr-dotted\">&nbsp;<\/div>\n<div class=\"one_third\">\n<div id=\"home_button_three\">\n<div class=\"middle\">\n<div class=\"inner\">\n<p style=\"text-align: center;\"><a rel=\"noreferrer\" href=\"https:\/\/youtu.be\/51Se_Yvwteo&amp;rel=0\" class=\"vp-s vp-yt-type vp-modal-click vp-modal-click_shortcode\">Un jour \u00e0 CORE<\/a><\/p>\n<\/div>\n<\/div>\n<\/div>\n<\/div>\n<div class=\"one_third\">\n<div id=\"home_button_two\">\n<div class=\"middle\">\n<div class=\"inner\">\n<p style=\"text-align: center;\"><a href=\"http:\/\/core-toronto.ca\/fr\/faire-un-don\/\" class=\"jumbo lime-green tt-button\" target=\"_parent\">Faire un don<\/a><\/p>\n<\/div>\n<\/div>\n<\/div>\n<\/div>\n<div class=\"one_third\">\n<div id=\"home_button_one\">\n<div class=\"middle\">\n<div class=\"inner\">\n<p style=\"text-align: center;\"><a href=\"http:\/\/core-toronto.ca\/fr\/contactez-nous\/\" class=\"jumbo lime-green tt-button\" target=\"_parent\">Contactez-nous<\/a><\/p>\n<\/div>\n<\/div>\n<\/div>\n<\/div>\n<div class=\"hr hr-dotted\">&nbsp;<\/div>\n<div align=\"center\">Pour deux ann\u00e9es d&rsquo;affil\u00e9e, CORE a obtenu sur place la conformit\u00e9 du Minist\u00e8re des Services sociaux et communautaires \u00e0 100%!<br \/>\n<a href=\"https:\/\/www.mcss.gov.on.ca\/fr\/mcss\/publications\/developmentalServices\/guide_regulation_qualityassurance.aspx\" target=\"blank\">En savoir plus<\/a> sur les mesures d&rsquo;assurance de la qualit\u00e9.<\/div>\n<p>&nbsp;<\/p>\n<p>&nbsp;<\/p>\n","protected":false},"excerpt":{"rendered":"<p>Centre for Opportunities, Respect, and Empowerment Pour deux ann\u00e9es d&rsquo;affil\u00e9e, CORE a obtenu sur place la conformit\u00e9 du Minist\u00e8re des Services sociaux et communautaires \u00e0 100%! En savoir plus sur [&hellip;]<\/p>\n","protected":false},"author":5,"featured_media":0,"parent":0,"menu_order":0,"comment_status":"open","ping_status":"closed","template":"page-template-home-lightbox.php","meta":{"footnotes":""},"class_list":["post-1025","page","type-page","status-publish","hentry"],"_links":{"self":[{"href":"http:\/\/core-toronto.ca\/fr\/wp-json\/wp\/v2\/pages\/1025"}],"collection":[{"href":"http:\/\/core-toronto.ca\/fr\/wp-json\/wp\/v2\/pages"}],"about":[{"href":"http:\/\/core-toronto.ca\/fr\/wp-json\/wp\/v2\/types\/page"}],"author":[{"embeddable":true,"href":"http:\/\/core-toronto.ca\/fr\/wp-json\/wp\/v2\/users\/5"}],"replies":[{"embeddable":true,"href":"http:\/\/core-toronto.ca\/fr\/wp-json\/wp\/v2\/comments?post=1025"}],"version-history":[{"count":15,"href":"http:\/\/core-toronto.ca\/fr\/wp-json\/wp\/v2\/pages\/1025\/revisions"}],"predecessor-version":[{"id":1478,"href":"http:\/\/core-toronto.ca\/fr\/wp-json\/wp\/v2\/pages\/1025\/revisions\/1478"}],"wp:attachment":[{"href":"http:\/\/core-toronto.ca\/fr\/wp-json\/wp\/v2\/media?parent=1025"}],"curies":[{"name":"wp","href":"https:\/\/api.w.org\/{rel}","templated":true}]}}