{"id":1007,"date":"2018-05-01T11:33:57","date_gmt":"2018-05-01T15:33:57","guid":{"rendered":"http:\/\/core-toronto.ca\/?page_id=1007"},"modified":"2018-05-25T13:13:35","modified_gmt":"2018-05-25T17:13:35","slug":"second-harvest-harvest-kitchen","status":"publish","type":"page","link":"http:\/\/core-toronto.ca\/fr\/qui-sommes-nous\/second-harvest-harvest-kitchen\/","title":{"rendered":"Partenaires"},"content":{"rendered":"<p><img loading=\"lazy\" decoding=\"async\" alt=\"\" src=\"http:\/\/core-toronto.ca\/wp-content\/uploads\/MCSS-logo-min-300x164.jpg\" alt=\"\" width=\"300\" height=\"164\" class=\"aligncenter size-medium wp-image-1289\" srcset=\"http:\/\/core-toronto.ca\/wp-content\/uploads\/MCSS-logo-min-300x164.jpg 300w, http:\/\/core-toronto.ca\/wp-content\/uploads\/MCSS-logo-min.jpg 1010w\" sizes=\"(max-width: 300px) 100vw, 300px\" \/><\/p>\n<p>CORE est principalement financ\u00e9 par le <a href=\"https:\/\/www.mcss.gov.on.ca\/fr\/mcss\/programs\/developmental\/index.aspx\" target=\"_blank\">minist\u00e8re des services sociaux et communautaires &#8211; services aux personnes ayant une d\u00e9ficience intellectuelle<\/a>. <\/p>\n<p>Pour rester \u00e0 jour avec les nouvelles dans la domaine des services developpmentales, veuillez consulter le bulletin <a href=\"https:\/\/www.mcss.gov.on.ca\/fr\/mcss\/publications\/spotlight.aspx\" target=\"_blank\">Point de mire \u2013 La r\u00e9organisation<\/a>, offert par le minist\u00e8re.<br \/>\n<br class=\"\"><br \/>\n<br class=\"\"><br \/>\n<img loading=\"lazy\" decoding=\"async\" src=\"http:\/\/core-toronto.ca\/wp-content\/uploads\/second-harvest-300x171.png\" alt=\"\" width=\"300\" height=\"171\" class=\"aligncenter size-medium wp-image-1002\" srcset=\"http:\/\/core-toronto.ca\/wp-content\/uploads\/second-harvest-300x171.png 300w, http:\/\/core-toronto.ca\/wp-content\/uploads\/second-harvest.png 714w\" sizes=\"(max-width: 300px) 100vw, 300px\" \/><\/p>\n<p>CORE est un fier partenaire de l\u2019organisation <a href=\"http:\/\/secondharvest.ca\/\" target=\"_blank\">\u00ab Second Harvest \u00bb<\/a>, et nous exploitons un programme \u00ab Harvest Kitchen \u00bb de notre \u00e9tablissement. Les participants dans la cuisine industrielle chez CORE trient les aliments r\u00e9cup\u00e9r\u00e9s et livr\u00e9s par l\u2019organisation Second Harvest. Ensuite, ils pr\u00e9parent, emballent et g\u00e8lent les repas pour Second Harvest afin de les distribuer aux organismes approuv\u00e9s qui ont un programme de repas mais des moyens limit\u00e9s pour pr\u00e9parer les repas. CORE pr\u00e9pare 500 repas par jour qui sont livr\u00e9s \u00e0 des organisations fournissant des services aux populations marginalis\u00e9es de notre communaut\u00e9, y compris les enfants, les personnes \u00e2g\u00e9es et les personnes sans domicile. CORE produit \u00e9galement 70 repas complets sur place pour les participants dans nos programmes, cinq jours par semaine.<\/p>\n","protected":false},"excerpt":{"rendered":"<p>CORE est principalement financ\u00e9 par le minist\u00e8re des services sociaux et communautaires &#8211; services aux personnes ayant une d\u00e9ficience intellectuelle. Pour rester \u00e0 jour avec les nouvelles dans la domaine [&hellip;]<\/p>\n","protected":false},"author":5,"featured_media":0,"parent":921,"menu_order":0,"comment_status":"open","ping_status":"closed","template":"","meta":{"footnotes":""},"class_list":["post-1007","page","type-page","status-publish","hentry"],"_links":{"self":[{"href":"http:\/\/core-toronto.ca\/fr\/wp-json\/wp\/v2\/pages\/1007"}],"collection":[{"href":"http:\/\/core-toronto.ca\/fr\/wp-json\/wp\/v2\/pages"}],"about":[{"href":"http:\/\/core-toronto.ca\/fr\/wp-json\/wp\/v2\/types\/page"}],"author":[{"embeddable":true,"href":"http:\/\/core-toronto.ca\/fr\/wp-json\/wp\/v2\/users\/5"}],"replies":[{"embeddable":true,"href":"http:\/\/core-toronto.ca\/fr\/wp-json\/wp\/v2\/comments?post=1007"}],"version-history":[{"count":11,"href":"http:\/\/core-toronto.ca\/fr\/wp-json\/wp\/v2\/pages\/1007\/revisions"}],"predecessor-version":[{"id":1398,"href":"http:\/\/core-toronto.ca\/fr\/wp-json\/wp\/v2\/pages\/1007\/revisions\/1398"}],"up":[{"embeddable":true,"href":"http:\/\/core-toronto.ca\/fr\/wp-json\/wp\/v2\/pages\/921"}],"wp:attachment":[{"href":"http:\/\/core-toronto.ca\/fr\/wp-json\/wp\/v2\/media?parent=1007"}],"curies":[{"name":"wp","href":"https:\/\/api.w.org\/{rel}","templated":true}]}}